{"id":3644,"date":"2023-10-13T17:27:32","date_gmt":"2023-10-13T14:27:32","guid":{"rendered":"https:\/\/suti.lv\/par-mums-eng\/"},"modified":"2026-03-11T18:54:54","modified_gmt":"2026-03-11T16:54:54","slug":"par-mums-eng","status":"publish","type":"page","link":"https:\/\/suti.lv\/lt\/par-mums-eng\/","title":{"rendered":"Apie mus"},"content":{"rendered":"\n<div class=\"wp-block-columns is-layout-flex wp-container-core-columns-is-layout-9d6595d7 wp-block-columns-is-layout-flex\">\n<div class=\"wp-block-column is-layout-flow wp-block-column-is-layout-flow\" style=\"flex-basis:33.33%\">\n<h2 class=\"wp-block-heading\">Apie mus<\/h2>\n<\/div>\n\n\n\n<div class=\"wp-block-column is-layout-flow wp-block-column-is-layout-flow\" style=\"flex-basis:66.66%\">\n<p><\/p>\n\n\n\n<hr class=\"wp-block-separator has-alpha-channel-opacity\"\/>\n\n\n\n<h2 class=\"wp-block-heading\">Pilno aptarnavimo sand\u0117liavimas ir u\u017esakym\u0173 vykdymas: j\u016bs\u0173 pasaulinis partneris Latvijoje<\/h2>\n\n\n\n<p><strong>SIA API S\u016bti.lv<\/strong> yra pilno aptarnavimo sand\u0117lis Latvijoje, veikiantis pasauliniu mastu \u2013 nuo Europos ir Amerikos iki pat Australijos. Savo klient\u0173 vardu valdome vis\u0105 u\u017esakym\u0173 vykdymo (<em>Fulfillment<\/em>) proces\u0105, \u012fskaitant profesional\u0173 pakavim\u0105, saug\u0173 sand\u0117liavim\u0105 ir tarptautin\u012f siuntim\u0105.<\/p>\n\n\n\n<p>M\u016bs\u0173 klientai gali b\u016bti bet kurioje pasaulio vietoje \u2013 mes pasir\u016bpinsime logistika u\u017e jus. Did\u017eiuojam\u0117s ilgamete patirtimi dirbant su partneriais JAV, Kanadoje, Vokietijoje, JK, Pranc\u016bzijoje, \u0160vedijoje, Australijoje, Nyderlanduose, Ispanijoje, Italijoje ir, \u017einoma, m\u016bs\u0173 pagrindin\u0117je baz\u0117je Latvijoje.<\/p>\n\n\n\n<h3 class=\"wp-block-heading\">\u201ePick &amp; Pack\u201c privalumas<\/h3>\n\n\n\n<p>Savo preki\u0173 surinkimo ir pakavimo (<em>Pick &amp; Pack<\/em>) procese naudojame pagal u\u017esakym\u0105 sukurt\u0105 sand\u0117lio valdymo sistem\u0105. \u0160i patentuota technologija leid\u017eia mums \u012fvykdyti u\u017esakymus greitai, tiksliai ir u\u017e ma\u017eiausi\u0105 \u012fmanom\u0105 kain\u0105. Optimali\u0173 siuntimo tarif\u0173 si\u016blymas yra m\u016bs\u0173 \u201ekozirio korta\u201c \u2013 kertinis s\u0117km\u0117s akmuo logistikos pramon\u0117je. M\u016bs\u0173 praktin\u0117 patirtis (<em>Know-How<\/em>) yra j\u016bs\u0173 nauda; u\u017etikriname, kad j\u016bs\u0173 galutiniai klientai b\u016bt\u0173 patenkinti. Greitas apdorojimas, tikslumas ir ma\u017eos s\u0105naudos yra m\u016bs\u0173 kasdienis standartas ir j\u016bs\u0173 konkurencinis prana\u0161umas.<\/p>\n\n\n\n<h3 class=\"wp-block-heading\">Efektyvumas per automatizavim\u0105<\/h3>\n\n\n\n<p>M\u016bs\u0173 automatizuota sand\u0117lio sistema suma\u017eina \u017emogi\u0161k\u0173j\u0173 klaid\u0173 tikimyb\u0119. Darbo eiga sukurta taip, kad bet kuris komandos narys gal\u0117t\u0173 bet kada \u012fsijungti \u012f darb\u0105, u\u017etikrinant, kad \u201ePick &amp; Pack\u201c procesas niekada nesustot\u0173. Sistema tiksliai seka atsargas, palaiko visi\u0161k\u0105 skaidrum\u0105 ir u\u017etikrina, kad kiekviena siunta pasiekt\u0173 pirk\u0117jo duris bet kurioje \u0161alyje. B\u016bdami itin efektyv\u016bs, su nedidele komanda galime pasiekti daugiau ir apdoroti iki 400 siunt\u0173 per dien\u0105.<\/p>\n\n\n\n<h3 class=\"wp-block-heading\">Parama elektroninei prekybai ir gamintojams<\/h3>\n\n\n\n<p>Bendradarbiaujame su internetin\u0117mis parduotuv\u0117mis visoje Europoje, JAV ir Australijoje. Padedame el. prekybos \u012fmon\u0117ms optimizuoti atsiskaitymo proces\u0105, integruodami visas galimas siuntimo parinktis ir pakuo\u010di\u0173 tipus. Tai leid\u017eia parduotuv\u0117s savininkui susikoncentruoti tik \u012f pardavimus, kol mes pasir\u016bpiname visais sunkiais darbais.<\/p>\n\n\n\n<p><strong>\u012evairiapus\u0117 klient\u016bra:<\/strong> \u201eAPI S\u016bti.lv\u201c aptarnauja \u012fvairaus dyd\u017eio gamintojus \u2013 nuo muzikos industrijos iki metalo apdirbimo. Taip pat aptarnaujame nam\u0173 gamintojus ir amatininkus, prekiaujan\u010dius \u201eEtsy\u201c platformoje.<\/p>\n\n\n\n<p><strong>Vietin\u0117 patirtis:<\/strong> Be pasaulin\u0117s logistikos, teikiame kurjeri\u0173 paslaugas Latvijoje ir esame visi\u0161kai licencijuotas pa\u0161to operatorius.<\/p>\n\n\n\n<p><strong>Strategin\u0117 vieta:<\/strong> M\u016bs\u0173 sand\u0117lis Latvijoje yra s\u0117km\u0117s formul\u0117. Po \u201eBrexit\u201c si\u016blome didel\u012f prana\u0161um\u0105 Europos klientams, supaprastindami ir palengvindami muitin\u0117s procesus.<\/p>\n\n\n\n<div style=\"height:50px\" aria-hidden=\"true\" class=\"wp-block-spacer\"><\/div>\n\n\n\n<p>UAB \u201eAPI S\u016bti.lv\u201c 2025 m. bir\u017eelio 30 d. su Latvijos investicij\u0173 ir pl\u0117tros agent\u016bra buvo sudaryta sutartis Nr. 9.2-17-L-2025\/1306 d\u0117l paramos gavimo pagal priemon\u0119 \u201eParama proces\u0173 skaitmeninimui\u201c, kuri\u0105 bendrai finansuoja Atk\u016brimo fondas. Po skaitmenin\u0117s transformacijos buvo paleista nauja \u012fmon\u0117s interneto svetain\u0117.<\/p>\n\n\n\n<div class=\"wp-block-columns finanse-columns is-layout-flex wp-container-core-columns-is-layout-9d6595d7 wp-block-columns-is-layout-flex\">\n<div class=\"wp-block-column is-layout-flow wp-block-column-is-layout-flow\" style=\"flex-basis:66.66%\">\n<figure class=\"wp-block-image size-full\"><img decoding=\"async\" width=\"2560\" height=\"662\" src=\"https:\/\/suti.lv\/wp-content\/uploads\/2026\/03\/EN-Funded-by-the-European-Union_POS-scaled.webp\" alt=\"\" class=\"wp-image-3755\" title=\"\" srcset=\"https:\/\/suti.lv\/wp-content\/uploads\/2026\/03\/EN-Funded-by-the-European-Union_POS-scaled.webp 2560w, https:\/\/suti.lv\/wp-content\/uploads\/2026\/03\/EN-Funded-by-the-European-Union_POS-960x248.webp 960w, https:\/\/suti.lv\/wp-content\/uploads\/2026\/03\/EN-Funded-by-the-European-Union_POS-1920x497.webp 1920w, https:\/\/suti.lv\/wp-content\/uploads\/2026\/03\/EN-Funded-by-the-European-Union_POS-768x199.webp 768w, https:\/\/suti.lv\/wp-content\/uploads\/2026\/03\/EN-Funded-by-the-European-Union_POS-1536x397.webp 1536w, https:\/\/suti.lv\/wp-content\/uploads\/2026\/03\/EN-Funded-by-the-European-Union_POS-2048x530.webp 2048w, https:\/\/suti.lv\/wp-content\/uploads\/2026\/03\/EN-Funded-by-the-European-Union_POS-480x124.webp 480w, https:\/\/suti.lv\/wp-content\/uploads\/2026\/03\/EN-Funded-by-the-European-Union_POS-640x166.webp 640w, https:\/\/suti.lv\/wp-content\/uploads\/2026\/03\/EN-Funded-by-the-European-Union_POS-720x186.webp 720w, https:\/\/suti.lv\/wp-content\/uploads\/2026\/03\/EN-Funded-by-the-European-Union_POS-1168x302.webp 1168w, https:\/\/suti.lv\/wp-content\/uploads\/2026\/03\/EN-Funded-by-the-European-Union_POS-1440x373.webp 1440w\" sizes=\"(max-width: 2560px) 100vw, 2560px\" \/><\/figure>\n<\/div>\n\n\n\n<div class=\"wp-block-column is-layout-flow wp-block-column-is-layout-flow\" style=\"flex-basis:33.33%\">\n<figure class=\"wp-block-image size-full red-image\"><img decoding=\"async\" width=\"210\" height=\"240\" src=\"https:\/\/suti.lv\/wp-content\/uploads\/2026\/03\/images.webp\" alt=\"\" class=\"wp-image-3741\" title=\"\"><\/figure>\n<\/div>\n<\/div>\n<\/div>\n<\/div>\n\n\n\n<figure class=\"wp-block-image size-full\"><img decoding=\"async\" width=\"1275\" height=\"498\" src=\"https:\/\/suti.lv\/wp-content\/uploads\/2025\/09\/Rectangle-65.webp\" alt=\"\" class=\"wp-image-1694\" title=\"\" srcset=\"https:\/\/suti.lv\/wp-content\/uploads\/2025\/09\/Rectangle-65.webp 1275w, https:\/\/suti.lv\/wp-content\/uploads\/2025\/09\/Rectangle-65-960x375.webp 960w, https:\/\/suti.lv\/wp-content\/uploads\/2025\/09\/Rectangle-65-768x300.webp 768w, https:\/\/suti.lv\/wp-content\/uploads\/2025\/09\/Rectangle-65-480x187.webp 480w, https:\/\/suti.lv\/wp-content\/uploads\/2025\/09\/Rectangle-65-640x250.webp 640w, https:\/\/suti.lv\/wp-content\/uploads\/2025\/09\/Rectangle-65-720x281.webp 720w, https:\/\/suti.lv\/wp-content\/uploads\/2025\/09\/Rectangle-65-1168x456.webp 1168w\" sizes=\"(max-width: 1275px) 100vw, 1275px\" \/><\/figure>\n\n\n\n<p><\/p>\n","protected":false},"excerpt":{"rendered":"<p>Apie mus Pilno aptarnavimo sand\u0117liavimas ir u\u017esakym\u0173 vykdymas: j\u016bs\u0173 pasaulinis partneris Latvijoje SIA API S\u016bti.lv yra pilno aptarnavimo sand\u0117lis Latvijoje, [&hellip;]<\/p>\n","protected":false},"author":1,"featured_media":0,"parent":0,"menu_order":0,"comment_status":"closed","ping_status":"closed","template":"","meta":{"_acf_changed":false,"footnotes":""},"class_list":["post-3644","page","type-page","status-publish","hentry"],"acf":[],"rankMath":{"parentDomain":"suti.lv","noFollowDomains":[],"noFollowExcludeDomains":[],"noFollowExternalLinks":false,"featuredImageNotice":"The featured image should be at least 200 by 200 pixels to be picked up by Facebook and other social media sites.","pluginReviewed":true,"postSettings":{"linkSuggestions":true,"useFocusKeyword":false},"frontEndScore":false,"postName":"par-mums-eng","permalinkFormat":"https:\/\/suti.lv\/lt\/%pagename%\/","showLockModifiedDate":true,"assessor":{"focusKeywordLink":"https:\/\/suti.lv\/wp-admin\/edit.php?focus_keyword=%focus_keyword%&post_type=%post_type%","hasTOCPlugin":false,"primaryTaxonomy":false,"serpData":{"title":"","description":"","focusKeywords":"","pillarContent":false,"canonicalUrl":"","breadcrumbTitle":"","advancedRobots":[],"facebookTitle":"","facebookDescription":"","facebookImage":"","facebookImageID":"","facebookHasOverlay":false,"facebookImageOverlay":"","facebookAuthor":"","twitterCardType":"","twitterUseFacebook":true,"twitterTitle":"","twitterDescription":"","twitterImage":"","twitterImageID":"","twitterHasOverlay":false,"twitterImageOverlay":"","twitterPlayerUrl":"","twitterPlayerSize":"","twitterPlayerStream":"","twitterPlayerStreamCtype":"","twitterAppDescription":"","twitterAppIphoneName":"","twitterAppIphoneID":"","twitterAppIphoneUrl":"","twitterAppIpadName":"","twitterAppIpadID":"","twitterAppIpadUrl":"","twitterAppGoogleplayName":"","twitterAppGoogleplayID":"","twitterAppGoogleplayUrl":"","twitterAppCountry":"","robots":{"index":true},"twitterAuthor":"username","primaryTerm":0,"authorName":"Reinis Rozen\u0161teins","titleTemplate":"%title% %sep% %sitename%","descriptionTemplate":"%excerpt%","showScoreFrontend":true,"lockModifiedDate":false},"powerWords":[],"diacritics":{"A":"[\\u0041\\u24B6\\uFF21\\u00C0\\u00C1\\u00C2\\u1EA6\\u1EA4\\u1EAA\\u1EA8\\u00C3\\u0100\\u0102\\u1EB0\\u1EAE\\u1EB4\\u1EB2\\u0226\\u01E0\\u00C4\\u01DE\\u1EA2\\u00C5\\u01FA\\u01CD\\u0200\\u0202\\u1EA0\\u1EAC\\u1EB6\\u1E00\\u0104\\u023A\\u2C6F]","AA":"[\\uA732]","AE":"[\\u00C6\\u01FC\\u01E2]","AO":"[\\uA734]","AU":"[\\uA736]","AV":"[\\uA738\\uA73A]","AY":"[\\uA73C]","B":"[\\u0042\\u24B7\\uFF22\\u1E02\\u1E04\\u1E06\\u0243\\u0182\\u0181]","C":"[\\u0043\\u24B8\\uFF23\\u0106\\u0108\\u010A\\u010C\\u00C7\\u1E08\\u0187\\u023B\\uA73E]","D":"[\\u0044\\u24B9\\uFF24\\u1E0A\\u010E\\u1E0C\\u1E10\\u1E12\\u1E0E\\u0110\\u018B\\u018A\\u0189\\uA779]","DZ":"[\\u01F1\\u01C4]","Dz":"[\\u01F2\\u01C5]","E":"[\\u0045\\u24BA\\uFF25\\u00C8\\u00C9\\u00CA\\u1EC0\\u1EBE\\u1EC4\\u1EC2\\u1EBC\\u0112\\u1E14\\u1E16\\u0114\\u0116\\u00CB\\u1EBA\\u011A\\u0204\\u0206\\u1EB8\\u1EC6\\u0228\\u1E1C\\u0118\\u1E18\\u1E1A\\u0190\\u018E]","F":"[\\u0046\\u24BB\\uFF26\\u1E1E\\u0191\\uA77B]","G":"[\\u0047\\u24BC\\uFF27\\u01F4\\u011C\\u1E20\\u011E\\u0120\\u01E6\\u0122\\u01E4\\u0193\\uA7A0\\uA77D\\uA77E]","H":"[\\u0048\\u24BD\\uFF28\\u0124\\u1E22\\u1E26\\u021E\\u1E24\\u1E28\\u1E2A\\u0126\\u2C67\\u2C75\\uA78D]","I":"[\\u0049\\u24BE\\uFF29\\u00CC\\u00CD\\u00CE\\u0128\\u012A\\u012C\\u0130\\u00CF\\u1E2E\\u1EC8\\u01CF\\u0208\\u020A\\u1ECA\\u012E\\u1E2C\\u0197]","J":"[\\u004A\\u24BF\\uFF2A\\u0134\\u0248]","K":"[\\u004B\\u24C0\\uFF2B\\u1E30\\u01E8\\u1E32\\u0136\\u1E34\\u0198\\u2C69\\uA740\\uA742\\uA744\\uA7A2]","L":"[\\u004C\\u24C1\\uFF2C\\u013F\\u0139\\u013D\\u1E36\\u1E38\\u013B\\u1E3C\\u1E3A\\u0141\\u023D\\u2C62\\u2C60\\uA748\\uA746\\uA780]","LJ":"[\\u01C7]","Lj":"[\\u01C8]","M":"[\\u004D\\u24C2\\uFF2D\\u1E3E\\u1E40\\u1E42\\u2C6E\\u019C]","N":"[\\u004E\\u24C3\\uFF2E\\u01F8\\u0143\\u00D1\\u1E44\\u0147\\u1E46\\u0145\\u1E4A\\u1E48\\u0220\\u019D\\uA790\\uA7A4]","NJ":"[\\u01CA]","Nj":"[\\u01CB]","O":"[\\u004F\\u24C4\\uFF2F\\u00D2\\u00D3\\u00D4\\u1ED2\\u1ED0\\u1ED6\\u1ED4\\u00D5\\u1E4C\\u022C\\u1E4E\\u014C\\u1E50\\u1E52\\u014E\\u022E\\u0230\\u00D6\\u022A\\u1ECE\\u0150\\u01D1\\u020C\\u020E\\u01A0\\u1EDC\\u1EDA\\u1EE0\\u1EDE\\u1EE2\\u1ECC\\u1ED8\\u01EA\\u01EC\\u00D8\\u01FE\\u0186\\u019F\\uA74A\\uA74C]","OI":"[\\u01A2]","OO":"[\\uA74E]","OU":"[\\u0222]","P":"[\\u0050\\u24C5\\uFF30\\u1E54\\u1E56\\u01A4\\u2C63\\uA750\\uA752\\uA754]","Q":"[\\u0051\\u24C6\\uFF31\\uA756\\uA758\\u024A]","R":"[\\u0052\\u24C7\\uFF32\\u0154\\u1E58\\u0158\\u0210\\u0212\\u1E5A\\u1E5C\\u0156\\u1E5E\\u024C\\u2C64\\uA75A\\uA7A6\\uA782]","S":"[\\u0053\\u24C8\\uFF33\\u1E9E\\u015A\\u1E64\\u015C\\u1E60\\u0160\\u1E66\\u1E62\\u1E68\\u0218\\u015E\\u2C7E\\uA7A8\\uA784]","T":"[\\u0054\\u24C9\\uFF34\\u1E6A\\u0164\\u1E6C\\u021A\\u0162\\u1E70\\u1E6E\\u0166\\u01AC\\u01AE\\u023E\\uA786]","TZ":"[\\uA728]","U":"[\\u0055\\u24CA\\uFF35\\u00D9\\u00DA\\u00DB\\u0168\\u1E78\\u016A\\u1E7A\\u016C\\u00DC\\u01DB\\u01D7\\u01D5\\u01D9\\u1EE6\\u016E\\u0170\\u01D3\\u0214\\u0216\\u01AF\\u1EEA\\u1EE8\\u1EEE\\u1EEC\\u1EF0\\u1EE4\\u1E72\\u0172\\u1E76\\u1E74\\u0244]","V":"[\\u0056\\u24CB\\uFF36\\u1E7C\\u1E7E\\u01B2\\uA75E\\u0245]","VY":"[\\uA760]","W":"[\\u0057\\u24CC\\uFF37\\u1E80\\u1E82\\u0174\\u1E86\\u1E84\\u1E88\\u2C72]","X":"[\\u0058\\u24CD\\uFF38\\u1E8A\\u1E8C]","Y":"[\\u0059\\u24CE\\uFF39\\u1EF2\\u00DD\\u0176\\u1EF8\\u0232\\u1E8E\\u0178\\u1EF6\\u1EF4\\u01B3\\u024E\\u1EFE]","Z":"[\\u005A\\u24CF\\uFF3A\\u0179\\u1E90\\u017B\\u017D\\u1E92\\u1E94\\u01B5\\u0224\\u2C7F\\u2C6B\\uA762]","a":"[\\u0061\\u24D0\\uFF41\\u1E9A\\u00E0\\u00E1\\u00E2\\u1EA7\\u1EA5\\u1EAB\\u1EA9\\u00E3\\u0101\\u0103\\u1EB1\\u1EAF\\u1EB5\\u1EB3\\u0227\\u01E1\\u00E4\\u01DF\\u1EA3\\u00E5\\u01FB\\u01CE\\u0201\\u0203\\u1EA1\\u1EAD\\u1EB7\\u1E01\\u0105\\u2C65\\u0250]","aa":"[\\uA733]","ae":"[\\u00E6\\u01FD\\u01E3]","ao":"[\\uA735]","au":"[\\uA737]","av":"[\\uA739\\uA73B]","ay":"[\\uA73D]","b":"[\\u0062\\u24D1\\uFF42\\u1E03\\u1E05\\u1E07\\u0180\\u0183\\u0253]","c":"[\\u0063\\u24D2\\uFF43\\u0107\\u0109\\u010B\\u010D\\u00E7\\u1E09\\u0188\\u023C\\uA73F\\u2184]","d":"[\\u0064\\u24D3\\uFF44\\u1E0B\\u010F\\u1E0D\\u1E11\\u1E13\\u1E0F\\u0111\\u018C\\u0256\\u0257\\uA77A]","dz":"[\\u01F3\\u01C6]","e":"[\\u0065\\u24D4\\uFF45\\u00E8\\u00E9\\u00EA\\u1EC1\\u1EBF\\u1EC5\\u1EC3\\u1EBD\\u0113\\u1E15\\u1E17\\u0115\\u0117\\u00EB\\u1EBB\\u011B\\u0205\\u0207\\u1EB9\\u1EC7\\u0229\\u1E1D\\u0119\\u1E19\\u1E1B\\u0247\\u025B\\u01DD]","f":"[\\u0066\\u24D5\\uFF46\\u1E1F\\u0192\\uA77C]","g":"[\\u0067\\u24D6\\uFF47\\u01F5\\u011D\\u1E21\\u011F\\u0121\\u01E7\\u0123\\u01E5\\u0260\\uA7A1\\u1D79\\uA77F]","h":"[\\u0068\\u24D7\\uFF48\\u0125\\u1E23\\u1E27\\u021F\\u1E25\\u1E29\\u1E2B\\u1E96\\u0127\\u2C68\\u2C76\\u0265]","hv":"[\\u0195]","i":"[\\u0069\\u24D8\\uFF49\\u00EC\\u00ED\\u00EE\\u0129\\u012B\\u012D\\u00EF\\u1E2F\\u1EC9\\u01D0\\u0209\\u020B\\u1ECB\\u012F\\u1E2D\\u0268\\u0131]","j":"[\\u006A\\u24D9\\uFF4A\\u0135\\u01F0\\u0249]","k":"[\\u006B\\u24DA\\uFF4B\\u1E31\\u01E9\\u1E33\\u0137\\u1E35\\u0199\\u2C6A\\uA741\\uA743\\uA745\\uA7A3]","l":"[\\u006C\\u24DB\\uFF4C\\u0140\\u013A\\u013E\\u1E37\\u1E39\\u013C\\u1E3D\\u1E3B\\u017F\\u0142\\u019A\\u026B\\u2C61\\uA749\\uA781\\uA747]","lj":"[\\u01C9]","m":"[\\u006D\\u24DC\\uFF4D\\u1E3F\\u1E41\\u1E43\\u0271\\u026F]","n":"[\\u006E\\u24DD\\uFF4E\\u01F9\\u0144\\u00F1\\u1E45\\u0148\\u1E47\\u0146\\u1E4B\\u1E49\\u019E\\u0272\\u0149\\uA791\\uA7A5]","nj":"[\\u01CC]","o":"[\\u006F\\u24DE\\uFF4F\\u00F2\\u00F3\\u00F4\\u1ED3\\u1ED1\\u1ED7\\u1ED5\\u00F5\\u1E4D\\u022D\\u1E4F\\u014D\\u1E51\\u1E53\\u014F\\u022F\\u0231\\u00F6\\u022B\\u1ECF\\u0151\\u01D2\\u020D\\u020F\\u01A1\\u1EDD\\u1EDB\\u1EE1\\u1EDF\\u1EE3\\u1ECD\\u1ED9\\u01EB\\u01ED\\u00F8\\u01FF\\u0254\\uA74B\\uA74D\\u0275]","oi":"[\\u01A3]","ou":"[\\u0223]","oo":"[\\uA74F]","p":"[\\u0070\\u24DF\\uFF50\\u1E55\\u1E57\\u01A5\\u1D7D\\uA751\\uA753\\uA755]","q":"[\\u0071\\u24E0\\uFF51\\u024B\\uA757\\uA759]","r":"[\\u0072\\u24E1\\uFF52\\u0155\\u1E59\\u0159\\u0211\\u0213\\u1E5B\\u1E5D\\u0157\\u1E5F\\u024D\\u027D\\uA75B\\uA7A7\\uA783]","s":"[\\u0073\\u24E2\\uFF53\\u015B\\u1E65\\u015D\\u1E61\\u0161\\u1E67\\u1E63\\u1E69\\u0219\\u015F\\u023F\\uA7A9\\uA785\\u1E9B]","ss":"[\\u00DF]","t":"[\\u0074\\u24E3\\uFF54\\u1E6B\\u1E97\\u0165\\u1E6D\\u021B\\u0163\\u1E71\\u1E6F\\u0167\\u01AD\\u0288\\u2C66\\uA787]","tz":"[\\uA729]","u":"[\\u0075\\u24E4\\uFF55\\u00F9\\u00FA\\u00FB\\u0169\\u1E79\\u016B\\u1E7B\\u016D\\u00FC\\u01DC\\u01D8\\u01D6\\u01DA\\u1EE7\\u016F\\u0171\\u01D4\\u0215\\u0217\\u01B0\\u1EEB\\u1EE9\\u1EEF\\u1EED\\u1EF1\\u1EE5\\u1E73\\u0173\\u1E77\\u1E75\\u0289]","v":"[\\u0076\\u24E5\\uFF56\\u1E7D\\u1E7F\\u028B\\uA75F\\u028C]","vy":"[\\uA761]","w":"[\\u0077\\u24E6\\uFF57\\u1E81\\u1E83\\u0175\\u1E87\\u1E85\\u1E98\\u1E89\\u2C73]","x":"[\\u0078\\u24E7\\uFF58\\u1E8B\\u1E8D]","y":"[\\u0079\\u24E8\\uFF59\\u1EF3\\u00FD\\u0177\\u1EF9\\u0233\\u1E8F\\u00FF\\u1EF7\\u1E99\\u1EF5\\u01B4\\u024F\\u1EFF]","z":"[\\u007A\\u24E9\\uFF5A\\u017A\\u1E91\\u017C\\u017E\\u1E93\\u1E95\\u01B6\\u0225\\u0240\\u2C6C\\uA763]"},"researchesTests":["contentHasTOC","contentHasShortParagraphs","contentHasAssets","keywordInTitle","keywordInMetaDescription","keywordInPermalink","keywordIn10Percent","keywordInContent","keywordInSubheadings","keywordInImageAlt","keywordDensity","keywordNotUsed","lengthContent","lengthPermalink","linksHasInternal","linksHasExternals","linksNotAllExternals","titleStartWithKeyword","titleSentiment","titleHasPowerWords","titleHasNumber","hasContentAI"],"hasRedirection":true,"hasBreadcrumb":true},"homeUrl":"https:\/\/suti.lv\/lt\/","objectID":3644,"objectType":"post","locale":"lt","localeFull":"lt_LT","overlayImages":{"play":{"name":"Play icon","url":"https:\/\/suti.lv\/wp-content\/plugins\/seo-by-rank-math\/assets\/admin\/img\/icon-play.png","path":"\/var\/www\/wp_html\/wp-content\/plugins\/seo-by-rank-math\/assets\/admin\/img\/icon-play.png","position":"middle_center"},"gif":{"name":"GIF icon","url":"https:\/\/suti.lv\/wp-content\/plugins\/seo-by-rank-math\/assets\/admin\/img\/icon-gif.png","path":"\/var\/www\/wp_html\/wp-content\/plugins\/seo-by-rank-math\/assets\/admin\/img\/icon-gif.png","position":"middle_center"}},"defautOgImage":"https:\/\/suti.lv\/wp-content\/plugins\/seo-by-rank-math\/assets\/admin\/img\/social-placeholder.jpg","customPermalinks":true,"isUserRegistered":false,"autoSuggestKeywords":false,"connectSiteUrl":"https:\/\/rankmath.com\/auth?site=https%3A%2F%2Fsuti.lv%2Flt%2F&r=https%3A%2F%2Fsuti.lv%2Flt%2Fwp-json%2Fwp%2Fv2%2Fpages%2F3644%3Fnonce%3D7ce4b21d6d&pro=1","maxTags":100,"trendsIcon":"<svg width=\"100%\" height=\"100%\" viewBox=\"0 0 36 36\" version=\"1.1\" xmlns=\"http:\/\/www.w3.org\/2000\/svg\" xmlns:xlink=\"http:\/\/www.w3.org\/1999\/xlink\" fit=\"\" preserveAspectRatio=\"xMidYMid meet\" focusable=\"false\">\n\t\t<g id=\"Page-1\" stroke=\"none\" stroke-width=\"1\" fill=\"none\" fill-rule=\"evenodd\">\n\t\t\t<g id=\"Trends-Arrow\">\n\t\t\t\t<g id=\"TrendsArrow\">\n\t\t\t\t\t<path d=\"M1.11227159,26.3181534 L10.2875029,17.1429221 L13.7152617,20.5706809 L4.5400304,29.7459122 C4.20518633,30.0807563 3.66229681,30.0807562 3.32745277,29.7459122 L1.11136262,27.529822 C0.776518575,27.194978 0.776518548,26.6520885 1.11136262,26.3172444 L1.11227159,26.3181534 Z\" id=\"Shape\" fill=\"#4285F4\" fill-rule=\"nonzero\"><\/path>\n\t\t\t\t\t<path d=\"M14.3201543,14.3211528 L22.283717,22.2847155 L19.4658829,25.1025495 C19.1310388,25.4373936 18.5881494,25.4373937 18.2533053,25.1025495 L10.2906516,17.1398959 L13.1084857,14.3220618 C13.4429747,13.987572 13.9851638,13.9871653 14.3201543,14.3211528 Z\" id=\"Shape\" fill=\"#EA4335\" fill-rule=\"nonzero\"><\/path>\n\t\t\t\t\t<polygon id=\"Rectangle-path\" fill=\"#FABB05\" fill-rule=\"nonzero\" points=\"18.8573051 18.8577571 28.2843236 9.43073862 31.7120824 12.8584974 22.2850639 22.2855159\"><\/polygon>\n\t\t\t\t\t<path d=\"M35.0711567,15.5054713 L35.0711567,7 L35.0711567,7 C35.0711567,6.44771525 34.6234415,6 34.0711567,6 L25.5656854,6 L25.5656854,6 C25.0134007,6 24.5656854,6.44771525 24.5656854,7 C24.5656854,7.26521649 24.6710423,7.5195704 24.8585786,7.70710678 L33.3640499,16.2125781 L33.3640499,16.2125781 C33.7545742,16.6031024 34.3877392,16.6031024 34.7782635,16.2125781 C34.9657999,16.0250417 35.0711567,15.7706878 35.0711567,15.5054713 Z\" id=\"Shape\" fill=\"#34A853\" fill-rule=\"nonzero\"><\/path>\n\t\t\t\t\t<rect id=\"Rectangle-path\" x=\"0\" y=\"0\" width=\"36\" height=\"36\"><\/rect>\n\t\t\t\t<\/g>\n\t\t\t<\/g>\n\t\t<\/g>\n\t<\/svg>","showScore":true,"siteFavIcon":"https:\/\/suti.lv\/wp-content\/uploads\/2025\/10\/cropped-SUTI_favicon-32x32.png","canUser":{"general":false,"advanced":false,"snippet":false,"social":false,"analysis":false,"analytics":false,"content_ai":false},"showKeywordIntent":true,"isPro":true,"is_front_page":false,"trendsUpgradeLink":"https:\/\/suti.lv\/wp-admin\/admin.php?page=rank-math&view=help","trendsUpgradeLabel":"Activate now","trendsPreviewImage":"https:\/\/suti.lv\/wp-content\/plugins\/seo-by-rank-math\/assets\/admin\/img\/trends-preview.jpg","currentEditor":false,"homepageData":{"assessor":{"powerWords":[],"diacritics":true,"researchesTests":["contentHasTOC","contentHasShortParagraphs","contentHasAssets","keywordInTitle","keywordInMetaDescription","keywordInPermalink","keywordIn10Percent","keywordInContent","keywordInSubheadings","keywordInImageAlt","keywordDensity","keywordNotUsed","lengthContent","lengthPermalink","linksHasInternal","linksHasExternals","linksNotAllExternals","titleStartWithKeyword","titleSentiment","titleHasPowerWords","titleHasNumber","hasContentAI"],"hasBreadcrumb":true,"serpData":{"title":"%sitename% %page% %sep% %sitedesc%","description":"","titleTemplate":"%sitename% %page% %sep% %sitedesc%","descriptionTemplate":"","focusKeywords":"","breadcrumbTitle":"Home","robots":{"index":true},"advancedRobots":[],"facebookTitle":"","facebookDescription":"","facebookImage":"","facebookImageID":""}}},"tocTitle":"Table of Contents","tocExcludeHeadings":[],"listStyle":"ul"},"_links":{"self":[{"href":"https:\/\/suti.lv\/lt\/wp-json\/wp\/v2\/pages\/3644","targetHints":{"allow":["GET"]}}],"collection":[{"href":"https:\/\/suti.lv\/lt\/wp-json\/wp\/v2\/pages"}],"about":[{"href":"https:\/\/suti.lv\/lt\/wp-json\/wp\/v2\/types\/page"}],"author":[{"embeddable":true,"href":"https:\/\/suti.lv\/lt\/wp-json\/wp\/v2\/users\/1"}],"replies":[{"embeddable":true,"href":"https:\/\/suti.lv\/lt\/wp-json\/wp\/v2\/comments?post=3644"}],"version-history":[{"count":5,"href":"https:\/\/suti.lv\/lt\/wp-json\/wp\/v2\/pages\/3644\/revisions"}],"predecessor-version":[{"id":3767,"href":"https:\/\/suti.lv\/lt\/wp-json\/wp\/v2\/pages\/3644\/revisions\/3767"}],"wp:attachment":[{"href":"https:\/\/suti.lv\/lt\/wp-json\/wp\/v2\/media?parent=3644"}],"curies":[{"name":"wp","href":"https:\/\/api.w.org\/{rel}","templated":true}]}}